{"id":12,"date":"2012-04-12T16:27:54","date_gmt":"2012-04-12T16:27:54","guid":{"rendered":"http:\/\/www.streamfarm.tv\/?page_id=12"},"modified":"2020-10-06T14:57:21","modified_gmt":"2020-10-06T13:57:21","slug":"pagina-2","status":"publish","type":"page","link":"https:\/\/www.streamfarm.tv\/?page_id=12","title":{"rendered":"FrontEnd"},"content":{"rendered":"<p><img loading=\"lazy\" class=\"alignleft size-full wp-image-112\" title=\"banner-front-end\" src=\"https:\/\/www.streamfarm.tv\/wp-content\/uploads\/2012\/04\/banner-front-end1.png\" alt=\"\" width=\"873\" height=\"240\" srcset=\"https:\/\/www.streamfarm.tv\/wp-content\/uploads\/2012\/04\/banner-front-end1.png 873w, https:\/\/www.streamfarm.tv\/wp-content\/uploads\/2012\/04\/banner-front-end1-300x82.png 300w, https:\/\/www.streamfarm.tv\/wp-content\/uploads\/2012\/04\/banner-front-end1-250x68.png 250w, https:\/\/www.streamfarm.tv\/wp-content\/uploads\/2012\/04\/banner-front-end1-80x21.png 80w, https:\/\/www.streamfarm.tv\/wp-content\/uploads\/2012\/04\/banner-front-end1-585x160.png 585w\" sizes=\"(max-width: 873px) 100vw, 873px\" \/><\/p>\n<p>&nbsp;<\/p>\n<p>&nbsp;<\/p>\n<p>&nbsp;<\/p>\n<p>&nbsp;<\/p>\n<p>&nbsp;<\/p>\n<p>&nbsp;<\/p>\n<p>&nbsp;<\/p>\n<p>&nbsp;<\/p>\n<p><strong>PC, Mac, iPhone, iPad, Smartphone Android, sono i dispositivi supportati dai quali fruire in modo semplice e veloce i contenuti Video anche in alta risoluzione.<\/strong><\/p>\n<p>Il frontend \u00e8 la struttura grafica interfacciata al back-end, viene progettato secondo le scelte editoriali, creative, grafiche e le scelte dei dispositivi dai quali fruire i contenuti.<\/p>\n<p>La cura dell\u2019identit\u00e0 visiva \u00e8 fondamentale, l\u2019immediata percezione da parte degli utenti al momento dell\u2019accesso alla WebTV ed ai contenuti deve essere coinvolgente, questo \u00e8 tra i primi obiettivi nella comunicazione. L\u2019impostazione grafica deve seguire comunque l\u2019identity generale desiderato coniugando i requisiti legati al numero di canali, testi, pagine annesse, qualit\u00e0 e risoluzione degli assets Video.<\/p>\n<p>Insieme a Streamfarm, LPM offre dunque un intervento articolato di analisi e studio dei concetti visivi per valutarne stile di comunicazione e flessibilit\u00e0 al fine di presentare applicazioni con simulazioni significative ed il progetto finale del frontend.<\/p>\n<div class=\"one_two\"><img loading=\"lazy\" class=\"alignleft  wp-image-140\" title=\"front end\" src=\"https:\/\/www.streamfarm.tv\/wp-content\/uploads\/2012\/04\/cira-1024x705.png\" alt=\"\" width=\"430\" height=\"296\" srcset=\"https:\/\/www.streamfarm.tv\/wp-content\/uploads\/2012\/04\/cira-1024x705.png 1024w, https:\/\/www.streamfarm.tv\/wp-content\/uploads\/2012\/04\/cira-300x206.png 300w, https:\/\/www.streamfarm.tv\/wp-content\/uploads\/2012\/04\/cira-250x172.png 250w, https:\/\/www.streamfarm.tv\/wp-content\/uploads\/2012\/04\/cira-80x55.png 80w, https:\/\/www.streamfarm.tv\/wp-content\/uploads\/2012\/04\/cira-585x403.png 585w, https:\/\/www.streamfarm.tv\/wp-content\/uploads\/2012\/04\/cira-940x647.png 940w, https:\/\/www.streamfarm.tv\/wp-content\/uploads\/2012\/04\/cira.png 1516w\" sizes=\"(max-width: 430px) 100vw, 430px\" \/><\/div>\n<div class=\"one_two last\">\n<p><strong>Principali funzionalit\u00e0 presenti nel frontend:<\/strong><\/p>\n<ul class=\"unordered\">\n<li>Layout grafico ampiamente customizzabile sulle esigenze del Cliente<\/li>\n<li>Possibilit\u00e0 di integrazione della WebTv in sito gi\u00e0 esistente o in modalit\u00e0 stand-alone<\/li>\n<li>Funzione \u201ccerca\u201d, possibilit\u00e0 di integrazione con \u201ccloud tag\u201d<\/li>\n<li>Generazione codice \u201cembed\u201d per pubblicazione su altri siti<\/li>\n<li>Thumbnail \u201cultimo video caricato\u201d e\/o \u201cvideo pi\u00f9 visto\u201d<\/li>\n<li>Funzione \u201cdirect link\u201d (HTML e\/o URL)<\/li>\n<li>Feed RSS<\/li>\n<li>Condivisione su social network (Facebook, Twitter, ecc) e funzione \u201cdillo ad un amico\u201d integrati su unico plug-in customizzabile<\/li>\n<li>Tutti i contenuti ottimizzati\u00a0 per funzioni efficaci di SEO<\/li>\n<\/ul>\n<\/div>\n","protected":false},"excerpt":{"rendered":"<p>&nbsp; &nbsp; &nbsp; &nbsp; &nbsp; &nbsp; &nbsp; &nbsp; PC, Mac, iPhone, iPad, Smartphone Android, sono i dispositivi supportati dai quali fruire in modo semplice e veloce i contenuti Video anche in alta risoluzione. Il frontend \u00e8 la struttura grafica interfacciata al back-end, viene progettato secondo le scelte editoriali, creative, grafiche e le scelte dei dispositivi &hellip; <a href=\"https:\/\/www.streamfarm.tv\/?page_id=12\">Continue reading <span class=\"meta-nav\">&rarr;<\/span><\/a><\/p>\n","protected":false},"author":1,"featured_media":0,"parent":0,"menu_order":1,"comment_status":"open","ping_status":"open","template":"tmp-fullwidth.php","meta":[],"_links":{"self":[{"href":"https:\/\/www.streamfarm.tv\/index.php?rest_route=\/wp\/v2\/pages\/12"}],"collection":[{"href":"https:\/\/www.streamfarm.tv\/index.php?rest_route=\/wp\/v2\/pages"}],"about":[{"href":"https:\/\/www.streamfarm.tv\/index.php?rest_route=\/wp\/v2\/types\/page"}],"author":[{"embeddable":true,"href":"https:\/\/www.streamfarm.tv\/index.php?rest_route=\/wp\/v2\/users\/1"}],"replies":[{"embeddable":true,"href":"https:\/\/www.streamfarm.tv\/index.php?rest_route=%2Fwp%2Fv2%2Fcomments&post=12"}],"version-history":[{"count":30,"href":"https:\/\/www.streamfarm.tv\/index.php?rest_route=\/wp\/v2\/pages\/12\/revisions"}],"predecessor-version":[{"id":277,"href":"https:\/\/www.streamfarm.tv\/index.php?rest_route=\/wp\/v2\/pages\/12\/revisions\/277"}],"wp:attachment":[{"href":"https:\/\/www.streamfarm.tv\/index.php?rest_route=%2Fwp%2Fv2%2Fmedia&parent=12"}],"curies":[{"name":"wp","href":"https:\/\/api.w.org\/{rel}","templated":true}]}}