{"id":15,"date":"2012-04-12T16:28:12","date_gmt":"2012-04-12T16:28:12","guid":{"rendered":"http:\/\/www.streamfarm.tv\/?page_id=15"},"modified":"2024-05-28T14:18:31","modified_gmt":"2024-05-28T13:18:31","slug":"pagina-3","status":"publish","type":"page","link":"https:\/\/www.streamfarm.tv\/?page_id=15","title":{"rendered":"BackEnd"},"content":{"rendered":"<p><img loading=\"lazy\" title=\"banner-back-end\" src=\"https:\/\/www.streamfarm.tv\/wp-content\/uploads\/2012\/04\/banner-back-end.png\" alt=\"\" width=\"873\" height=\"240\" \/><\/p>\n<p>\u00c8 il modulo applicativo web-based con accesso protetto a livelli gerarchici diversi (profilazione utenti, amministratore, editor) ad unica interfaccia per la completa gestione degli assets Video e metadati, grafiche e testi, assegnazione ai canali , canali, sottocanali, pubblicazione, tag cloud, Vod, live, playlist.<\/p>\n<p>Il back-end, con accesso mediante pagina web protetta e vincolato al front-end, \u00e8 l\u2019ambiente dedicato alla gestione dei canali,\u00a0 degli assets e degli utenti della piattaforma.<\/p>\n<div class=\"one_two\">\n<p><strong>Caratteristiche generali:<\/strong><\/p>\n<ul class=\"unordered\">\n<li>Sistema di gestione dei contenuti web-based<\/li>\n<li>Struttura su livelli multiutenza (admin, editor, user, ecc)<\/li>\n<li>Struttura gerarchica basata su canali, sottocanali e video<\/li>\n<li>Interfaccia di gestione unificata (unico punto di accesso per upload ed inserimento dati video)<\/li>\n<li>Thumbnail di preview video<\/li>\n<li>Funzioni di inserimento titolo, descrizione video, metadati (parole chiave), ora\/data di pubblicazione e durata<\/li>\n<li>Possibilit\u00e0 di assegnare un asset a sottocanali\/canali diversi<\/li>\n<li>Funzione \u201cPubblica video\u201d, \u201cRimuovi pubblicazione\u201d oltre che &#8220;Pubblicazione pianificata con \/ora data di inzio e fine<\/li>\n<\/ul>\n<\/div>\n<div class=\"one_two last\">\n<p><strong>Principali caratteristiche tecniche:<\/strong><\/p>\n<ul class=\"unordered\">\n<li>Container e codifica video: HTML5 (WebM) e Flash (On2-Vp6)<\/li>\n<li>Risoluzione: fino a 1280&#215;720<\/li>\n<li>Bitrate (valori tipici): bassa qualit\u00e0: 400 Kb\/s,\u00a0 media qualit\u00e0: 600 Kb\/s, alta qualit\u00e0: 800 Kb\/s<\/li>\n<li>Player ampiamente customizzabile (skin, comandi, logo di stazione, plug-in, ecc)<\/li>\n<li>Aspect ratio player: 16:9 o 4:3<\/li>\n<li>Dimensione massima file video: 2 Gbyte<\/li>\n<li>Modalit\u00e0 fruizione video: VOD &#8211; Video On-Demand, Live, Canale lineare esterno, Canale interno con struttura a palinsesto<\/li>\n<li>Utilizzo di CDN (Content Delivery Network) ad alte prestazioni per delivery dei contenuti (in modalit\u00e0 multipiattaforma quale evoluzione)<\/li>\n<li>Pannello di controllo integrato per le statistiche di accesso alla WebTv<\/li>\n<\/ul>\n<\/div>\n<p><strong>Gestione Canali<\/strong><\/p>\n<div class=\"one_two\"><img loading=\"lazy\" class=\"alignleft wp-image-299\" src=\"https:\/\/www.streamfarm.tv\/wp-content\/uploads\/2024\/05\/screenshot_canali-2-300x172.png\" alt=\"\" width=\"220\" height=\"126\" srcset=\"https:\/\/www.streamfarm.tv\/wp-content\/uploads\/2024\/05\/screenshot_canali-2-300x172.png 300w, https:\/\/www.streamfarm.tv\/wp-content\/uploads\/2024\/05\/screenshot_canali-2-1024x585.png 1024w, https:\/\/www.streamfarm.tv\/wp-content\/uploads\/2024\/05\/screenshot_canali-2-768x439.png 768w, https:\/\/www.streamfarm.tv\/wp-content\/uploads\/2024\/05\/screenshot_canali-2-1536x878.png 1536w, https:\/\/www.streamfarm.tv\/wp-content\/uploads\/2024\/05\/screenshot_canali-2-2048x1171.png 2048w, https:\/\/www.streamfarm.tv\/wp-content\/uploads\/2024\/05\/screenshot_canali-2-250x143.png 250w, https:\/\/www.streamfarm.tv\/wp-content\/uploads\/2024\/05\/screenshot_canali-2-80x46.png 80w, https:\/\/www.streamfarm.tv\/wp-content\/uploads\/2024\/05\/screenshot_canali-2-585x334.png 585w, https:\/\/www.streamfarm.tv\/wp-content\/uploads\/2024\/05\/screenshot_canali-2-940x537.png 940w\" sizes=\"(max-width: 220px) 100vw, 220px\" \/>L\u2019interfaccia di gestione Canali VOD permette la completa gestione dei canali gi\u00e0 creati permettendo la modifica dei relativi campi oltre la pubblicazione sul front-end. Tramite una intuitiva interfaccia drag-and-drop \u00e8 anche possibile spostare l&#8217;ordine di pubblicazione<\/div>\n<div class=\"one_two last\"><img loading=\"lazy\" class=\"alignleft wp-image-291\" src=\"https:\/\/www.streamfarm.tv\/wp-content\/uploads\/2024\/05\/capture_canali_2-300x172.png\" alt=\"\" width=\"220\" height=\"126\" srcset=\"https:\/\/www.streamfarm.tv\/wp-content\/uploads\/2024\/05\/capture_canali_2-300x172.png 300w, https:\/\/www.streamfarm.tv\/wp-content\/uploads\/2024\/05\/capture_canali_2-1024x585.png 1024w, https:\/\/www.streamfarm.tv\/wp-content\/uploads\/2024\/05\/capture_canali_2-768x439.png 768w, https:\/\/www.streamfarm.tv\/wp-content\/uploads\/2024\/05\/capture_canali_2-1536x878.png 1536w, https:\/\/www.streamfarm.tv\/wp-content\/uploads\/2024\/05\/capture_canali_2-2048x1171.png 2048w, https:\/\/www.streamfarm.tv\/wp-content\/uploads\/2024\/05\/capture_canali_2-250x143.png 250w, https:\/\/www.streamfarm.tv\/wp-content\/uploads\/2024\/05\/capture_canali_2-80x46.png 80w, https:\/\/www.streamfarm.tv\/wp-content\/uploads\/2024\/05\/capture_canali_2-585x334.png 585w, https:\/\/www.streamfarm.tv\/wp-content\/uploads\/2024\/05\/capture_canali_2-940x537.png 940w\" sizes=\"(max-width: 220px) 100vw, 220px\" \/>L\u2019interfaccia di gestione Canali VOD permette la completa gestione dei canali gi\u00e0 creati\u00a0 permettendo la modifica dei relativi campi oltre la pubblicazione sul front-end. Tramite una intuitiva interfaccia drag-and-drop \u00e8 anche possibile spostare l&#8217;ordine di pubblicazione<\/div>\n<p><strong>Gestione Asset<\/strong><\/p>\n<div class=\"one_two\">\n<p><img loading=\"lazy\" class=\"alignleft wp-image-295\" src=\"https:\/\/www.streamfarm.tv\/wp-content\/uploads\/2024\/05\/capture_asset-1-300x172.png\" alt=\"\" width=\"220\" height=\"126\" srcset=\"https:\/\/www.streamfarm.tv\/wp-content\/uploads\/2024\/05\/capture_asset-1-300x172.png 300w, https:\/\/www.streamfarm.tv\/wp-content\/uploads\/2024\/05\/capture_asset-1-1024x585.png 1024w, https:\/\/www.streamfarm.tv\/wp-content\/uploads\/2024\/05\/capture_asset-1-768x439.png 768w, https:\/\/www.streamfarm.tv\/wp-content\/uploads\/2024\/05\/capture_asset-1-1536x878.png 1536w, https:\/\/www.streamfarm.tv\/wp-content\/uploads\/2024\/05\/capture_asset-1-2048x1171.png 2048w, https:\/\/www.streamfarm.tv\/wp-content\/uploads\/2024\/05\/capture_asset-1-250x143.png 250w, https:\/\/www.streamfarm.tv\/wp-content\/uploads\/2024\/05\/capture_asset-1-80x46.png 80w, https:\/\/www.streamfarm.tv\/wp-content\/uploads\/2024\/05\/capture_asset-1-585x334.png 585w, https:\/\/www.streamfarm.tv\/wp-content\/uploads\/2024\/05\/capture_asset-1-940x537.png 940w\" sizes=\"(max-width: 220px) 100vw, 220px\" \/>L\u2019interfaccia di gestione Asset permette l\u2019inserimento dei nuovi video sulla piattaforma tramite campi quali titolo, descrizione, contenuto e thumbnail grafico oltre che il relativo upload verso il server di streaming.<\/p>\n<\/div>\n<div class=\"one_two last\">\n<p><img loading=\"lazy\" class=\"alignleft wp-image-294\" src=\"https:\/\/www.streamfarm.tv\/wp-content\/uploads\/2024\/05\/capture_asset_3-1-300x172.png\" alt=\"\" width=\"220\" height=\"126\" srcset=\"https:\/\/www.streamfarm.tv\/wp-content\/uploads\/2024\/05\/capture_asset_3-1-300x172.png 300w, https:\/\/www.streamfarm.tv\/wp-content\/uploads\/2024\/05\/capture_asset_3-1-1024x585.png 1024w, https:\/\/www.streamfarm.tv\/wp-content\/uploads\/2024\/05\/capture_asset_3-1-768x439.png 768w, https:\/\/www.streamfarm.tv\/wp-content\/uploads\/2024\/05\/capture_asset_3-1-1536x878.png 1536w, https:\/\/www.streamfarm.tv\/wp-content\/uploads\/2024\/05\/capture_asset_3-1-2048x1171.png 2048w, https:\/\/www.streamfarm.tv\/wp-content\/uploads\/2024\/05\/capture_asset_3-1-250x143.png 250w, https:\/\/www.streamfarm.tv\/wp-content\/uploads\/2024\/05\/capture_asset_3-1-80x46.png 80w, https:\/\/www.streamfarm.tv\/wp-content\/uploads\/2024\/05\/capture_asset_3-1-585x334.png 585w, https:\/\/www.streamfarm.tv\/wp-content\/uploads\/2024\/05\/capture_asset_3-1-940x537.png 940w\" sizes=\"(max-width: 220px) 100vw, 220px\" \/>L\u2019interfaccia di gestione Asset permette l\u2019ordinamento e la gestione\u00a0 dei video gi\u00e0 presenti in piattaforma. Da questa pagina \u00e8 anche possibile effettuare l&#8217;assegnazione di ciascun asset ad uno o pi\u00f9 canali VOD oltre\u00a0 permetterne o sospenderne la pubblicazione\u00a0 sul front-end<\/p>\n<\/div>\n<p><strong>Gestione Utenti<\/strong><\/p>\n<div class=\"one_two\"><img loading=\"lazy\" class=\"alignleft wp-image-303\" title=\"bk5\" src=\"https:\/\/www.streamfarm.tv\/wp-content\/uploads\/2024\/05\/captuire_img-300x172.png\" alt=\"\" width=\"220\" height=\"126\" srcset=\"https:\/\/www.streamfarm.tv\/wp-content\/uploads\/2024\/05\/captuire_img-300x172.png 300w, https:\/\/www.streamfarm.tv\/wp-content\/uploads\/2024\/05\/captuire_img-1024x585.png 1024w, https:\/\/www.streamfarm.tv\/wp-content\/uploads\/2024\/05\/captuire_img-768x439.png 768w, https:\/\/www.streamfarm.tv\/wp-content\/uploads\/2024\/05\/captuire_img-1536x878.png 1536w, https:\/\/www.streamfarm.tv\/wp-content\/uploads\/2024\/05\/captuire_img-2048x1171.png 2048w, https:\/\/www.streamfarm.tv\/wp-content\/uploads\/2024\/05\/captuire_img-250x143.png 250w, https:\/\/www.streamfarm.tv\/wp-content\/uploads\/2024\/05\/captuire_img-80x46.png 80w, https:\/\/www.streamfarm.tv\/wp-content\/uploads\/2024\/05\/captuire_img-585x334.png 585w, https:\/\/www.streamfarm.tv\/wp-content\/uploads\/2024\/05\/captuire_img-940x537.png 940w\" sizes=\"(max-width: 220px) 100vw, 220px\" \/>L\u2019interfaccia di gestione utenti permette la creazione e gestione degli utenti che potranno accedere alla piattaforma strutturai su pi\u00f9 livelli gerarchici<\/div>\n<div class=\"one_two last\"><\/div>\n<div><\/div>\n<div><\/div>\n","protected":false},"excerpt":{"rendered":"<p>\u00c8 il modulo applicativo web-based con accesso protetto a livelli gerarchici diversi (profilazione utenti, amministratore, editor) ad unica interfaccia per la completa gestione degli assets Video e metadati, grafiche e testi, assegnazione ai canali , canali, sottocanali, pubblicazione, tag cloud, Vod, live, playlist. Il back-end, con accesso mediante pagina web protetta e vincolato al front-end, &hellip; <a href=\"https:\/\/www.streamfarm.tv\/?page_id=15\">Continue reading <span class=\"meta-nav\">&rarr;<\/span><\/a><\/p>\n","protected":false},"author":1,"featured_media":0,"parent":0,"menu_order":2,"comment_status":"open","ping_status":"open","template":"tmp-fullwidth.php","meta":[],"_links":{"self":[{"href":"https:\/\/www.streamfarm.tv\/index.php?rest_route=\/wp\/v2\/pages\/15"}],"collection":[{"href":"https:\/\/www.streamfarm.tv\/index.php?rest_route=\/wp\/v2\/pages"}],"about":[{"href":"https:\/\/www.streamfarm.tv\/index.php?rest_route=\/wp\/v2\/types\/page"}],"author":[{"embeddable":true,"href":"https:\/\/www.streamfarm.tv\/index.php?rest_route=\/wp\/v2\/users\/1"}],"replies":[{"embeddable":true,"href":"https:\/\/www.streamfarm.tv\/index.php?rest_route=%2Fwp%2Fv2%2Fcomments&post=15"}],"version-history":[{"count":25,"href":"https:\/\/www.streamfarm.tv\/index.php?rest_route=\/wp\/v2\/pages\/15\/revisions"}],"predecessor-version":[{"id":304,"href":"https:\/\/www.streamfarm.tv\/index.php?rest_route=\/wp\/v2\/pages\/15\/revisions\/304"}],"wp:attachment":[{"href":"https:\/\/www.streamfarm.tv\/index.php?rest_route=%2Fwp%2Fv2%2Fmedia&parent=15"}],"curies":[{"name":"wp","href":"https:\/\/api.w.org\/{rel}","templated":true}]}}