{"id":70,"date":"2012-04-13T10:12:21","date_gmt":"2012-04-13T10:12:21","guid":{"rendered":"http:\/\/www.streamfarm.tv\/?page_id=70"},"modified":"2020-10-06T14:59:00","modified_gmt":"2020-10-06T13:59:00","slug":"integrazione","status":"publish","type":"page","link":"https:\/\/www.streamfarm.tv\/?page_id=70","title":{"rendered":"Integrazione"},"content":{"rendered":"<div class=\"one_two\">\n<p><img loading=\"lazy\" class=\"alignleft size-full wp-image-204\" title=\"cinergy\" src=\"https:\/\/www.streamfarm.tv\/wp-content\/uploads\/2012\/04\/cinegy_h.png\" alt=\"\" width=\"90\" height=\"51\" \/>Cinegy, un flusso di lavoro integrato, end-to-end, HD\/SD, digital media production e management system. Piattaforma aperta basata su PC standard ed infrastruttura IT, offre un workflow modulare composto da una suite di strumenti, applicazioni e APIs aperti che permettono l\u2019evoluzione della produzione televisiva senza essere ostaggio di soluzioni particolari e chiuse. Cinegy si integra Inoltre con tutti i processi tradizionali di produzione e di post-produzione, compresi i sistemi di editing non lineari senza richiedere particolari investimenti su un&#8217;infrastruttura completamente nuova.<\/p>\n<p><strong>Descrizione dei moduli Cinegy:<\/strong><\/p>\n<p><strong>SW Cinegy Archive<\/strong><br \/>\nServer centrale dove risiedono i metadata nel database, i contenuti acquisiti in qualit\u00e0 fino 1:1 ed i vari proxi per il browsing codificati secondo le esigenze. Il server \u00e8 tipicamente collegato ad un Raid Storage (SAN\/NAS).<\/p>\n<p><strong>SW Cinegy Ingest<\/strong><br \/>\nIngest \u2013 outgest Video<br \/>\nCinegy Ingest \u00e8 un media ingest ad alta qualit\u00e0.<br \/>\nAcquisisce in tempo reale da qualsiasi fonte Video virtuale (file) Sd ed HD.<br \/>\nAnalizza e marca i cambi scene.<br \/>\nGenera simultaneamente multipli livelli proxy nei formati comuni SD ed HD.<\/p>\n<p><strong>SW Cinegy Desktop<\/strong><br \/>\nCinegy Desktop abilita l\u2019acquisizione Video lineare ed \u00e8 lo un strumento universale di produzione che consente l&#8217;accesso in tempo reale ai mezzi nell&#8217;archivio di Cinegy con una serie di potenti strumenti per la registrazione e l\u2019editing e una capacit\u00e0 quasi illimitata di importare ed esportare i mezzi verso i sistemi di montaggio non lineari di terzi.<\/p>\n<p>Nel Network Cinegy potranno essere collegate varie Workstations con interfaccia Video (es. I\/O AJA Kona LHI) configurate con Cinegy Ingest e Cinegy Desktop per l\u2019acquisizione e uscita di contributi in formato lineare SDI HD o SD 1:1, DV e HDV ed in qualsiasi formato digitale\/file. Cinegy Ingest in acquisizione crea gli stream proxi in qualsiasi formato di encoding ed in numero simultaneo. Cinegy Desktop si interfaccia al network di post-produzione (es. Avid) gestendo ed alleggerendo premontaggi, ricerche, log etc.<\/p>\n<p><strong>SW Cinegy Workspace<\/strong><br \/>\nConsente la navigazione via intranet aziendale, ad esempio sulle postazioni di post-produzione, od in remoto via connessione Internet utilizzando desktop od un notebook standard Windows o Mac OS.<br \/>\nL\u2019ambiente di Cinegy Workspace consente ai Team di produzione di collaborare sui progetti ovunque, in ufficio o fuori sede. L\u2019ambiente consente l&#8217;accesso sicuro mediante accesso condizionato per la navigazione (browsing) all\u2019archivio Cinegy ovunque siate ed in qualunque momento consentendo la visualizzazione de filmati in proxi ed operando premontaggi veloci immediatamente disponibili in alta qualit\u00e0 sul network principale.<\/p>\n<p>Principali caratteristiche Video con interfaccia I\/O AJA Kona LHI &amp; KLHi-Box break out:<\/p>\n<ul class=\"unordered\">\n<li>Input\/output 3G\/HD\/SD SDI &#8211; SD: 525i 29.97, 625i 25\u00a0&#8211; HD: 720p 23.976, 720p 24, 720p 29.97, 720p 30 ,720p 50, 720p 59.94, 720p 60, 1080i 25, 1080i 29.97, 1080i 30, 1080p 23.976, 1080psf 23.976, 1080p 24, 1080psf 24, 1080p 25 ,1080psf 25, 1080p 29.97&gt;, 1080psf 29.97, 1080p50, 59.94, 60, 1080p 30, 1080psf 30, 1080p 50, 1080p 59.94, 1080p 60<\/li>\n<li>Input\/output HDV &#8211; DV<\/li>\n<li>Input\/output HDMI v1.3a w\/Deep Color a 30\/36 bit per pixel<\/li>\n<li>Output 1 3G, HD-SDI, o SD-SDI<\/li>\n<li>Input\/output a 12-bit HD analogico component<\/li>\n<li>Input\/output a 12-bit SD analogico component o composito\/YC<\/li>\n<li>Conversion up, down e cross a 10-bit nell&#8217; hardware<\/li>\n<li>Support per file DPX, Cineon, TGA, TIFF, BMP, YUV, AVI e QuickTime<\/li>\n<li>2-canali audio I\/O bilanciati XLR AES e 2-canali audio I\/O bilanciati XLR analogici<\/li>\n<li>8-canali audio I\/O SDI embedded<\/li>\n<li>Genlock HD\/SD<\/li>\n<li>Input LTC<\/li>\n<\/ul>\n<div>\n<p align=\"center\"><a href=\"https:\/\/www.cinegy.com\/\" target=\"_blank\">www.cinegy.com<\/a><\/p>\n<\/div>\n<\/div>\n<div class=\"one_two last\">\n<p><img loading=\"lazy\" class=\"alignleft size-full wp-image-203\" title=\"iunxi\" src=\"https:\/\/www.streamfarm.tv\/wp-content\/uploads\/2012\/04\/lun.png\" alt=\"\" width=\"126\" height=\"58\" \/>Produttore di soluzioni storage dal design delle componenti fino al codice degli storage controller ed agli strumenti di gestione e controllo. Soluzioni storage basate su: NAS\u00a0SAN \/ IP-SAN\u00a0&#8211; \u00a0High Density Storage &#8211;\u00a0 Solid State Disk\u00a0; interfacce di connessione esterna FC 4Gb, FC 8Gb, iSCSI 1Gb e iSCSI 10Gb\u00a0; connessione dischi con tecnologie SAS 6Gb o FC. Tecnologie dischi SAS, SATA, NearLine SAS e SSD. Servizio Storage on Demand, lo sviluppo e la produzione Iunxitech offrono la personalizzazione delle soluzioni sulla base delle specifiche tecniche ed architetturali del cliente.<\/p>\n<p>All\u2019interno di queste fasce di prodotto, ciascun cliente pu\u00f2 trovare\u00a0 la migliore soluzione che coniuga le proprie necessit\u00e0 con la possibilit\u00e0, poi, di integrare nuove tecnologie od ampliare quelle esistenti.<\/p>\n<ul class=\"unordered\">\n<li>XStor1000: dispositivo storage NAS che pu\u00f2 garantire prestazioni elevate e grande spazio di storage su disco.<\/li>\n<li>XStor3200\u00a0e\u00a0XStor3600: le due tipologie di prodotto rappresentano le soluzioni MidRange Storage ed utilizzano l\u2019architettura SBB 2.0 e permettono di costruire una SAN \/ IP-SAN destinata a tutti gli usi.<\/li>\n<li>XStor7000: sistema di storage che assicura la piena disponibilit\u00e0 e protezione dei dati, fornisce la massima affidabilit\u00e0 ed espandibilit\u00e0 che tutte le aziende necessitano per soddisfare velocemente la necessit\u00e0 di spazio e di continua crescita di dati da gestire.<\/li>\n<li>XStor5000: storage che assicura la piena disponibilit\u00e0 e protezione dei dati congiuntamente alla capacit\u00e0 di adattarsi nel tempo alle esigenze del cliente, sia in termini di spazio disco allocabile, sia in termini di connettivit\u00e0 verso i sistemi server, potendo diversificare e sostituire i moduli di connessione, senza dover cambiare l\u2019intero sistema a garanzia dell\u2019investimento effettuato.<\/li>\n<li>XStor60J: il prodotto permette di applicare criteri \u201cHigh Density Storage\u201d grazie alla sua capacit\u00e0 di alloggiare 60 dischi in 4U rack, che consentono di raggiungere uno spazio enorme, reso disponibile per memorizzare una enorme quantit\u00e0 di dati in ottica di risparmio energetico.<\/li>\n<li>XStorSSD: dove sono necessarie prestazioni elevate Solid State Disk soluzione \u00e8 il prodotto giusto per soddisfare tutti i vostri requisiti di prestazione.<\/li>\n<\/ul>\n<p align=\"center\"><a target=\"_blank\" href=\"https:\/\/www.iunxitech.com\/\">www.iunxitech.com<\/a><\/p>\n<\/div>\n","protected":false},"excerpt":{"rendered":"<p>Cinegy, un flusso di lavoro integrato, end-to-end, HD\/SD, digital media production e management system. Piattaforma aperta basata su PC standard ed infrastruttura IT, offre un workflow modulare composto da una suite di strumenti, applicazioni e APIs aperti che permettono l\u2019evoluzione della produzione televisiva senza essere ostaggio di soluzioni particolari e chiuse. Cinegy si integra Inoltre &hellip; <a href=\"https:\/\/www.streamfarm.tv\/?page_id=70\">Continue reading <span class=\"meta-nav\">&rarr;<\/span><\/a><\/p>\n","protected":false},"author":1,"featured_media":0,"parent":0,"menu_order":0,"comment_status":"open","ping_status":"open","template":"tmp-fullwidth.php","meta":[],"_links":{"self":[{"href":"https:\/\/www.streamfarm.tv\/index.php?rest_route=\/wp\/v2\/pages\/70"}],"collection":[{"href":"https:\/\/www.streamfarm.tv\/index.php?rest_route=\/wp\/v2\/pages"}],"about":[{"href":"https:\/\/www.streamfarm.tv\/index.php?rest_route=\/wp\/v2\/types\/page"}],"author":[{"embeddable":true,"href":"https:\/\/www.streamfarm.tv\/index.php?rest_route=\/wp\/v2\/users\/1"}],"replies":[{"embeddable":true,"href":"https:\/\/www.streamfarm.tv\/index.php?rest_route=%2Fwp%2Fv2%2Fcomments&post=70"}],"version-history":[{"count":23,"href":"https:\/\/www.streamfarm.tv\/index.php?rest_route=\/wp\/v2\/pages\/70\/revisions"}],"predecessor-version":[{"id":281,"href":"https:\/\/www.streamfarm.tv\/index.php?rest_route=\/wp\/v2\/pages\/70\/revisions\/281"}],"wp:attachment":[{"href":"https:\/\/www.streamfarm.tv\/index.php?rest_route=%2Fwp%2Fv2%2Fmedia&parent=70"}],"curies":[{"name":"wp","href":"https:\/\/api.w.org\/{rel}","templated":true}]}}